{"id":64,"date":"2023-09-02T15:49:38","date_gmt":"2023-09-02T18:49:38","guid":{"rendered":"https:\/\/ricafonte.com.br\/?page_id=64"},"modified":"2023-09-05T16:35:22","modified_gmt":"2023-09-05T19:35:22","slug":"clientes","status":"publish","type":"page","link":"https:\/\/ricafonte.com.br\/index.php\/clientes\/","title":{"rendered":"Portf\u00f3lio"},"content":{"rendered":"\n<p>Conhe\u00e7a nosso Portf\u00f3lio de Clientes que j\u00e1 tiveram resultados importantes com alguns de nossos servi\u00e7os.<\/p>\n\n\n\n<figure class=\"wp-block-gallery has-nested-images columns-default is-cropped wp-block-gallery-1 is-layout-flex wp-block-gallery-is-layout-flex\">\n<figure class=\"wp-block-image size-large\"><a href=\"https:\/\/www.titicoarte.com.br\/\" target=\"_blank\" rel=\"noreferrer noopener\"><img loading=\"lazy\" decoding=\"async\" width=\"250\" height=\"250\" data-id=\"90\" src=\"https:\/\/ricafonte.com.br\/wp-content\/uploads\/2023\/09\/titico.png\" alt=\"\" class=\"wp-image-90\" srcset=\"https:\/\/ricafonte.com.br\/wp-content\/uploads\/2023\/09\/titico.png 250w, https:\/\/ricafonte.com.br\/wp-content\/uploads\/2023\/09\/titico-150x150.png 150w\" sizes=\"auto, (max-width: 250px) 100vw, 250px\" \/><\/a><\/figure>\n\n\n\n<figure class=\"wp-block-image size-large\"><a href=\"https:\/\/www.missseguranca.com.br\/\" target=\"_blank\" rel=\"noreferrer noopener\"><img loading=\"lazy\" decoding=\"async\" width=\"250\" height=\"250\" data-id=\"82\" src=\"https:\/\/ricafonte.com.br\/wp-content\/uploads\/2023\/09\/mbsp.png\" alt=\"\" class=\"wp-image-82\" srcset=\"https:\/\/ricafonte.com.br\/wp-content\/uploads\/2023\/09\/mbsp.png 250w, https:\/\/ricafonte.com.br\/wp-content\/uploads\/2023\/09\/mbsp-150x150.png 150w\" sizes=\"auto, (max-width: 250px) 100vw, 250px\" \/><\/a><\/figure>\n\n\n\n<figure class=\"wp-block-image size-large\"><a href=\"https:\/\/www.espaco3d.com.br\/\" target=\"_blank\" rel=\"noreferrer noopener\"><img loading=\"lazy\" decoding=\"async\" width=\"250\" height=\"250\" data-id=\"78\" src=\"https:\/\/ricafonte.com.br\/wp-content\/uploads\/2023\/09\/espaco3d.png\" alt=\"\" class=\"wp-image-78\" srcset=\"https:\/\/ricafonte.com.br\/wp-content\/uploads\/2023\/09\/espaco3d.png 250w, https:\/\/ricafonte.com.br\/wp-content\/uploads\/2023\/09\/espaco3d-150x150.png 150w\" sizes=\"auto, (max-width: 250px) 100vw, 250px\" \/><\/a><\/figure>\n\n\n\n<figure class=\"wp-block-image size-large\"><a href=\"https:\/\/www.vagas.seg.br\/\" target=\"_blank\" rel=\"noreferrer noopener\"><img loading=\"lazy\" decoding=\"async\" width=\"250\" height=\"250\" data-id=\"91\" src=\"https:\/\/ricafonte.com.br\/wp-content\/uploads\/2023\/09\/vagas.png\" alt=\"\" class=\"wp-image-91\" srcset=\"https:\/\/ricafonte.com.br\/wp-content\/uploads\/2023\/09\/vagas.png 250w, https:\/\/ricafonte.com.br\/wp-content\/uploads\/2023\/09\/vagas-150x150.png 150w\" sizes=\"auto, (max-width: 250px) 100vw, 250px\" \/><\/a><\/figure>\n\n\n\n<figure class=\"wp-block-image size-large\"><img loading=\"lazy\" decoding=\"async\" width=\"250\" height=\"250\" data-id=\"79\" src=\"https:\/\/ricafonte.com.br\/wp-content\/uploads\/2023\/09\/fernanda.png\" alt=\"\" class=\"wp-image-79\" srcset=\"https:\/\/ricafonte.com.br\/wp-content\/uploads\/2023\/09\/fernanda.png 250w, https:\/\/ricafonte.com.br\/wp-content\/uploads\/2023\/09\/fernanda-150x150.png 150w\" sizes=\"auto, (max-width: 250px) 100vw, 250px\" \/><\/figure>\n\n\n\n<figure class=\"wp-block-image size-large\"><a href=\"https:\/\/www.oficinadoterno.com.br\/\" target=\"_blank\" rel=\"noreferrer noopener\"><img loading=\"lazy\" decoding=\"async\" width=\"250\" height=\"250\" data-id=\"86\" src=\"https:\/\/ricafonte.com.br\/wp-content\/uploads\/2023\/09\/oficina.png\" alt=\"\" class=\"wp-image-86\" srcset=\"https:\/\/ricafonte.com.br\/wp-content\/uploads\/2023\/09\/oficina.png 250w, https:\/\/ricafonte.com.br\/wp-content\/uploads\/2023\/09\/oficina-150x150.png 150w\" sizes=\"auto, (max-width: 250px) 100vw, 250px\" \/><\/a><\/figure>\n\n\n\n<figure class=\"wp-block-image size-large\"><img loading=\"lazy\" decoding=\"async\" width=\"250\" height=\"250\" data-id=\"81\" src=\"https:\/\/ricafonte.com.br\/wp-content\/uploads\/2023\/09\/iska.png\" alt=\"\" class=\"wp-image-81\" srcset=\"https:\/\/ricafonte.com.br\/wp-content\/uploads\/2023\/09\/iska.png 250w, https:\/\/ricafonte.com.br\/wp-content\/uploads\/2023\/09\/iska-150x150.png 150w\" sizes=\"auto, (max-width: 250px) 100vw, 250px\" \/><\/figure>\n\n\n\n<figure class=\"wp-block-image size-large\"><a href=\"https:\/\/sinergiacontasmedicas.com.br\/\" target=\"_blank\" rel=\"noreferrer noopener\"><img loading=\"lazy\" decoding=\"async\" width=\"250\" height=\"250\" data-id=\"89\" src=\"https:\/\/ricafonte.com.br\/wp-content\/uploads\/2023\/09\/scm.png\" alt=\"\" class=\"wp-image-89\" srcset=\"https:\/\/ricafonte.com.br\/wp-content\/uploads\/2023\/09\/scm.png 250w, https:\/\/ricafonte.com.br\/wp-content\/uploads\/2023\/09\/scm-150x150.png 150w\" sizes=\"auto, (max-width: 250px) 100vw, 250px\" \/><\/a><\/figure>\n\n\n\n<figure class=\"wp-block-image size-large\"><img loading=\"lazy\" decoding=\"async\" width=\"250\" height=\"250\" data-id=\"88\" src=\"https:\/\/ricafonte.com.br\/wp-content\/uploads\/2023\/09\/sbtina.png\" alt=\"\" class=\"wp-image-88\" srcset=\"https:\/\/ricafonte.com.br\/wp-content\/uploads\/2023\/09\/sbtina.png 250w, https:\/\/ricafonte.com.br\/wp-content\/uploads\/2023\/09\/sbtina-150x150.png 150w\" sizes=\"auto, (max-width: 250px) 100vw, 250px\" \/><\/figure>\n\n\n\n<figure class=\"wp-block-image size-large\"><img loading=\"lazy\" decoding=\"async\" width=\"250\" height=\"250\" data-id=\"87\" src=\"https:\/\/ricafonte.com.br\/wp-content\/uploads\/2023\/09\/rabi.png\" alt=\"\" class=\"wp-image-87\" srcset=\"https:\/\/ricafonte.com.br\/wp-content\/uploads\/2023\/09\/rabi.png 250w, https:\/\/ricafonte.com.br\/wp-content\/uploads\/2023\/09\/rabi-150x150.png 150w\" sizes=\"auto, (max-width: 250px) 100vw, 250px\" \/><\/figure>\n\n\n\n<figure class=\"wp-block-image size-large\"><a href=\"https:\/\/www.mulheresquebrilham.seg.br\/\"><img loading=\"lazy\" decoding=\"async\" width=\"250\" height=\"250\" data-id=\"85\" src=\"https:\/\/ricafonte.com.br\/wp-content\/uploads\/2023\/09\/mqb.png\" alt=\"\" class=\"wp-image-85\" srcset=\"https:\/\/ricafonte.com.br\/wp-content\/uploads\/2023\/09\/mqb.png 250w, https:\/\/ricafonte.com.br\/wp-content\/uploads\/2023\/09\/mqb-150x150.png 150w\" sizes=\"auto, (max-width: 250px) 100vw, 250px\" \/><\/a><\/figure>\n\n\n\n<figure class=\"wp-block-image size-large\"><a href=\"https:\/\/www.mistersegurancabrasil.com.br\/\" target=\"_blank\" rel=\"noreferrer noopener\"><img loading=\"lazy\" decoding=\"async\" width=\"250\" height=\"250\" data-id=\"84\" src=\"https:\/\/ricafonte.com.br\/wp-content\/uploads\/2023\/09\/mister.png\" alt=\"\" class=\"wp-image-84\" srcset=\"https:\/\/ricafonte.com.br\/wp-content\/uploads\/2023\/09\/mister.png 250w, https:\/\/ricafonte.com.br\/wp-content\/uploads\/2023\/09\/mister-150x150.png 150w\" sizes=\"auto, (max-width: 250px) 100vw, 250px\" \/><\/a><\/figure>\n\n\n\n<figure class=\"wp-block-image size-large\"><a href=\"https:\/\/www.marcasfamosas.seg.br\/\" target=\"_blank\" rel=\"noreferrer noopener\"><img loading=\"lazy\" decoding=\"async\" width=\"250\" height=\"250\" data-id=\"83\" src=\"https:\/\/ricafonte.com.br\/wp-content\/uploads\/2023\/09\/mf.png\" alt=\"\" class=\"wp-image-83\" srcset=\"https:\/\/ricafonte.com.br\/wp-content\/uploads\/2023\/09\/mf.png 250w, https:\/\/ricafonte.com.br\/wp-content\/uploads\/2023\/09\/mf-150x150.png 150w\" sizes=\"auto, (max-width: 250px) 100vw, 250px\" \/><\/a><\/figure>\n\n\n\n<figure class=\"wp-block-image size-large\"><img loading=\"lazy\" decoding=\"async\" width=\"250\" height=\"250\" data-id=\"80\" src=\"https:\/\/ricafonte.com.br\/wp-content\/uploads\/2023\/09\/fgu.png\" alt=\"\" class=\"wp-image-80\" srcset=\"https:\/\/ricafonte.com.br\/wp-content\/uploads\/2023\/09\/fgu.png 250w, https:\/\/ricafonte.com.br\/wp-content\/uploads\/2023\/09\/fgu-150x150.png 150w\" sizes=\"auto, (max-width: 250px) 100vw, 250px\" \/><\/figure>\n\n\n\n<figure class=\"wp-block-image size-large\"><a href=\"https:\/\/casadasbombasjf.com.br\/\" target=\"_blank\" rel=\"noreferrer noopener\"><img loading=\"lazy\" decoding=\"async\" width=\"250\" height=\"250\" data-id=\"77\" src=\"https:\/\/ricafonte.com.br\/wp-content\/uploads\/2023\/09\/cb.png\" alt=\"\" class=\"wp-image-77\" srcset=\"https:\/\/ricafonte.com.br\/wp-content\/uploads\/2023\/09\/cb.png 250w, https:\/\/ricafonte.com.br\/wp-content\/uploads\/2023\/09\/cb-150x150.png 150w\" sizes=\"auto, (max-width: 250px) 100vw, 250px\" \/><\/a><\/figure>\n<\/figure>\n","protected":false},"excerpt":{"rendered":"<p>Conhe\u00e7a nosso Portf\u00f3lio de Clientes que j\u00e1 tiveram resultados importantes com alguns de nossos servi\u00e7os.<\/p>\n","protected":false},"author":1,"featured_media":0,"parent":0,"menu_order":0,"comment_status":"closed","ping_status":"closed","template":"","meta":{"jetpack_post_was_ever_published":false,"footnotes":""},"class_list":["post-64","page","type-page","status-publish","hentry"],"yoast_head":"<!-- This site is optimized with the Yoast SEO plugin v21.1 - https:\/\/yoast.com\/wordpress\/plugins\/seo\/ -->\n<title>Portf\u00f3lio -<\/title>\n<meta name=\"robots\" content=\"index, follow, max-snippet:-1, max-image-preview:large, max-video-preview:-1\" \/>\n<link rel=\"canonical\" href=\"https:\/\/ricafonte.com.br\/index.php\/clientes\/\" \/>\n<meta property=\"og:locale\" content=\"pt_BR\" \/>\n<meta property=\"og:type\" content=\"article\" \/>\n<meta property=\"og:title\" content=\"Portf\u00f3lio -\" \/>\n<meta property=\"og:description\" content=\"Conhe\u00e7a nosso Portf\u00f3lio de Clientes que j\u00e1 tiveram resultados importantes com alguns de nossos servi\u00e7os.\" \/>\n<meta property=\"og:url\" content=\"https:\/\/ricafonte.com.br\/index.php\/clientes\/\" \/>\n<meta property=\"article:modified_time\" content=\"2023-09-05T19:35:22+00:00\" \/>\n<meta property=\"og:image\" content=\"https:\/\/ricafonte.com.br\/wp-content\/uploads\/2023\/09\/titico.png\" \/>\n<meta name=\"twitter:card\" content=\"summary_large_image\" \/>\n<meta name=\"twitter:label1\" content=\"Est. tempo de leitura\" \/>\n\t<meta name=\"twitter:data1\" content=\"4 minutos\" \/>\n<script type=\"application\/ld+json\" class=\"yoast-schema-graph\">{\"@context\":\"https:\/\/schema.org\",\"@graph\":[{\"@type\":\"WebPage\",\"@id\":\"https:\/\/ricafonte.com.br\/index.php\/clientes\/\",\"url\":\"https:\/\/ricafonte.com.br\/index.php\/clientes\/\",\"name\":\"Portf\u00f3lio -\",\"isPartOf\":{\"@id\":\"https:\/\/ricafonte.com.br\/#website\"},\"datePublished\":\"2023-09-02T18:49:38+00:00\",\"dateModified\":\"2023-09-05T19:35:22+00:00\",\"breadcrumb\":{\"@id\":\"https:\/\/ricafonte.com.br\/index.php\/clientes\/#breadcrumb\"},\"inLanguage\":\"pt-BR\",\"potentialAction\":[{\"@type\":\"ReadAction\",\"target\":[\"https:\/\/ricafonte.com.br\/index.php\/clientes\/\"]}]},{\"@type\":\"BreadcrumbList\",\"@id\":\"https:\/\/ricafonte.com.br\/index.php\/clientes\/#breadcrumb\",\"itemListElement\":[{\"@type\":\"ListItem\",\"position\":1,\"name\":\"In\u00edcio\",\"item\":\"https:\/\/ricafonte.com.br\/\"},{\"@type\":\"ListItem\",\"position\":2,\"name\":\"Portf\u00f3lio\"}]},{\"@type\":\"WebSite\",\"@id\":\"https:\/\/ricafonte.com.br\/#website\",\"url\":\"https:\/\/ricafonte.com.br\/\",\"name\":\"\",\"description\":\"Sites, Lojas Virtuais, Social Media e Marketplace\",\"potentialAction\":[{\"@type\":\"SearchAction\",\"target\":{\"@type\":\"EntryPoint\",\"urlTemplate\":\"https:\/\/ricafonte.com.br\/?s={search_term_string}\"},\"query-input\":\"required name=search_term_string\"}],\"inLanguage\":\"pt-BR\"}]}<\/script>\n<!-- \/ Yoast SEO plugin. -->","yoast_head_json":{"title":"Portf\u00f3lio -","robots":{"index":"index","follow":"follow","max-snippet":"max-snippet:-1","max-image-preview":"max-image-preview:large","max-video-preview":"max-video-preview:-1"},"canonical":"https:\/\/ricafonte.com.br\/index.php\/clientes\/","og_locale":"pt_BR","og_type":"article","og_title":"Portf\u00f3lio -","og_description":"Conhe\u00e7a nosso Portf\u00f3lio de Clientes que j\u00e1 tiveram resultados importantes com alguns de nossos servi\u00e7os.","og_url":"https:\/\/ricafonte.com.br\/index.php\/clientes\/","article_modified_time":"2023-09-05T19:35:22+00:00","og_image":[{"url":"https:\/\/ricafonte.com.br\/wp-content\/uploads\/2023\/09\/titico.png"}],"twitter_card":"summary_large_image","twitter_misc":{"Est. tempo de leitura":"4 minutos"},"schema":{"@context":"https:\/\/schema.org","@graph":[{"@type":"WebPage","@id":"https:\/\/ricafonte.com.br\/index.php\/clientes\/","url":"https:\/\/ricafonte.com.br\/index.php\/clientes\/","name":"Portf\u00f3lio -","isPartOf":{"@id":"https:\/\/ricafonte.com.br\/#website"},"datePublished":"2023-09-02T18:49:38+00:00","dateModified":"2023-09-05T19:35:22+00:00","breadcrumb":{"@id":"https:\/\/ricafonte.com.br\/index.php\/clientes\/#breadcrumb"},"inLanguage":"pt-BR","potentialAction":[{"@type":"ReadAction","target":["https:\/\/ricafonte.com.br\/index.php\/clientes\/"]}]},{"@type":"BreadcrumbList","@id":"https:\/\/ricafonte.com.br\/index.php\/clientes\/#breadcrumb","itemListElement":[{"@type":"ListItem","position":1,"name":"In\u00edcio","item":"https:\/\/ricafonte.com.br\/"},{"@type":"ListItem","position":2,"name":"Portf\u00f3lio"}]},{"@type":"WebSite","@id":"https:\/\/ricafonte.com.br\/#website","url":"https:\/\/ricafonte.com.br\/","name":"","description":"Sites, Lojas Virtuais, Social Media e Marketplace","potentialAction":[{"@type":"SearchAction","target":{"@type":"EntryPoint","urlTemplate":"https:\/\/ricafonte.com.br\/?s={search_term_string}"},"query-input":"required name=search_term_string"}],"inLanguage":"pt-BR"}]}},"_links":{"self":[{"href":"https:\/\/ricafonte.com.br\/index.php\/wp-json\/wp\/v2\/pages\/64","targetHints":{"allow":["GET"]}}],"collection":[{"href":"https:\/\/ricafonte.com.br\/index.php\/wp-json\/wp\/v2\/pages"}],"about":[{"href":"https:\/\/ricafonte.com.br\/index.php\/wp-json\/wp\/v2\/types\/page"}],"author":[{"embeddable":true,"href":"https:\/\/ricafonte.com.br\/index.php\/wp-json\/wp\/v2\/users\/1"}],"replies":[{"embeddable":true,"href":"https:\/\/ricafonte.com.br\/index.php\/wp-json\/wp\/v2\/comments?post=64"}],"version-history":[{"count":12,"href":"https:\/\/ricafonte.com.br\/index.php\/wp-json\/wp\/v2\/pages\/64\/revisions"}],"predecessor-version":[{"id":187,"href":"https:\/\/ricafonte.com.br\/index.php\/wp-json\/wp\/v2\/pages\/64\/revisions\/187"}],"wp:attachment":[{"href":"https:\/\/ricafonte.com.br\/index.php\/wp-json\/wp\/v2\/media?parent=64"}],"curies":[{"name":"wp","href":"https:\/\/api.w.org\/{rel}","templated":true}]}}