{"id":226,"date":"2023-09-08T18:27:30","date_gmt":"2023-09-08T21:27:30","guid":{"rendered":"https:\/\/ricafonte.com.br\/?page_id=226"},"modified":"2023-09-12T22:23:12","modified_gmt":"2023-09-13T01:23:12","slug":"lancamentos","status":"publish","type":"page","link":"https:\/\/ricafonte.com.br\/index.php\/lancamentos\/","title":{"rendered":"Lan\u00e7amentos"},"content":{"rendered":"\t\t<div data-elementor-type=\"wp-page\" data-elementor-id=\"226\" class=\"elementor elementor-226\" data-elementor-post-type=\"page\">\n\t\t\t\t\t\t\t\t\t<section class=\"elementor-section elementor-top-section elementor-element elementor-element-74a5b42 elementor-section-boxed elementor-section-height-default elementor-section-height-default\" data-id=\"74a5b42\" data-element_type=\"section\">\n\t\t\t\t\t\t<div class=\"elementor-container elementor-column-gap-default\">\n\t\t\t\t\t<div class=\"elementor-column elementor-col-100 elementor-top-column elementor-element elementor-element-7d47b0a\" data-id=\"7d47b0a\" data-element_type=\"column\">\n\t\t\t<div class=\"elementor-widget-wrap elementor-element-populated\">\n\t\t\t\t\t\t\t\t<div class=\"elementor-element elementor-element-6531584 elementor-widget elementor-widget-image\" data-id=\"6531584\" data-element_type=\"widget\" data-widget_type=\"image.default\">\n\t\t\t\t<div class=\"elementor-widget-container\">\n\t\t\t<style>\/*! elementor - v3.16.0 - 14-09-2023 *\/\n.elementor-widget-image{text-align:center}.elementor-widget-image a{display:inline-block}.elementor-widget-image a img[src$=\".svg\"]{width:48px}.elementor-widget-image img{vertical-align:middle;display:inline-block}<\/style>\t\t\t\t\t\t\t\t\t\t\t\t<img loading=\"lazy\" decoding=\"async\" width=\"640\" height=\"188\" src=\"https:\/\/ricafonte.com.br\/wp-content\/uploads\/2023\/09\/logos.png\" class=\"attachment-large size-large wp-image-224\" alt=\"\" srcset=\"https:\/\/ricafonte.com.br\/wp-content\/uploads\/2023\/09\/logos.png 680w, https:\/\/ricafonte.com.br\/wp-content\/uploads\/2023\/09\/logos-300x88.png 300w\" sizes=\"auto, (max-width: 640px) 100vw, 640px\" \/>\t\t\t\t\t\t\t\t\t\t\t\t\t\t\t<\/div>\n\t\t\t\t<\/div>\n\t\t\t\t\t<\/div>\n\t\t<\/div>\n\t\t\t\t\t\t\t<\/div>\n\t\t<\/section>\n\t\t\t\t<section class=\"elementor-section elementor-top-section elementor-element elementor-element-c87ede9 elementor-section-boxed elementor-section-height-default elementor-section-height-default\" data-id=\"c87ede9\" data-element_type=\"section\">\n\t\t\t\t\t\t<div class=\"elementor-container elementor-column-gap-default\">\n\t\t\t\t\t<div class=\"elementor-column elementor-col-50 elementor-top-column elementor-element elementor-element-7949187\" data-id=\"7949187\" data-element_type=\"column\">\n\t\t\t<div class=\"elementor-widget-wrap elementor-element-populated\">\n\t\t\t\t\t\t\t\t<div class=\"elementor-element elementor-element-9459dd0 elementor-widget elementor-widget-heading\" data-id=\"9459dd0\" data-element_type=\"widget\" data-widget_type=\"heading.default\">\n\t\t\t\t<div class=\"elementor-widget-container\">\n\t\t\t<style>\/*! elementor - v3.16.0 - 14-09-2023 *\/\n.elementor-heading-title{padding:0;margin:0;line-height:1}.elementor-widget-heading .elementor-heading-title[class*=elementor-size-]>a{color:inherit;font-size:inherit;line-height:inherit}.elementor-widget-heading .elementor-heading-title.elementor-size-small{font-size:15px}.elementor-widget-heading .elementor-heading-title.elementor-size-medium{font-size:19px}.elementor-widget-heading .elementor-heading-title.elementor-size-large{font-size:29px}.elementor-widget-heading .elementor-heading-title.elementor-size-xl{font-size:39px}.elementor-widget-heading .elementor-heading-title.elementor-size-xxl{font-size:59px}<\/style><h4 class=\"elementor-heading-title elementor-size-default\">A Ricafonte Web Design comemora o lan\u00e7amento da Loja Virtual desenvolvida para o Ateli\u00ea Titico Arte.<p><\/p><p>Trata-se de um projeto feito na plataforma Shopify onde esse e-commerce disponibiliza os produtos produzimos pela Titico Arte.<\/p><p>S\u00e3o Brinquedos Sensoriais e Psicomotores que ajudam no desenvolvimento de Crian\u00e7as e Adolescentes.<span style=\"font-family: var( --e-global-typography-primary-font-family ), Sans-serif; font-weight: var( --e-global-typography-primary-font-weight ); background-color: var(--inner-container-bk);\"><\/span><\/p><\/h4>\t\t<\/div>\n\t\t\t\t<\/div>\n\t\t\t\t\t<\/div>\n\t\t<\/div>\n\t\t\t\t<div class=\"elementor-column elementor-col-50 elementor-top-column elementor-element elementor-element-8977e1c\" data-id=\"8977e1c\" data-element_type=\"column\">\n\t\t\t<div class=\"elementor-widget-wrap elementor-element-populated\">\n\t\t\t\t\t\t\t\t<div class=\"elementor-element elementor-element-3a0ed2a elementor-widget elementor-widget-heading\" data-id=\"3a0ed2a\" data-element_type=\"widget\" data-widget_type=\"heading.default\">\n\t\t\t\t<div class=\"elementor-widget-container\">\n\t\t\t<h4 class=\"elementor-heading-title elementor-size-default\">Ideal para Escolas, Creches, Brinquedotecas, Clinicas de Fisioterapia, Hot\u00e9is, Parques, Shoppings e toda \u00e1rea de laser onde as Crian\u00e7as podem se desenvolver com seguran\u00e7a.<br><br>\nNos orgulhamos em participar desse projeto desde o in\u00edcio, com grande aprendizado e superando os desafios.<br><br>Parab\u00e9ns a todos envolvidos!<\/h4>\t\t<\/div>\n\t\t\t\t<\/div>\n\t\t\t\t\t<\/div>\n\t\t<\/div>\n\t\t\t\t\t\t\t<\/div>\n\t\t<\/section>\n\t\t\t\t\t\t\t<\/div>\n\t\t","protected":false},"excerpt":{"rendered":"<p>A Ricafonte Web Design comemora o lan\u00e7amento da Loja Virtual desenvolvida para o Ateli\u00ea Titico Arte. Trata-se de um projeto feito na plataforma Shopify onde esse e-commerce disponibiliza os produtos produzimos pela Titico Arte. S\u00e3o Brinquedos Sensoriais e Psicomotores que ajudam no desenvolvimento de Crian\u00e7as e Adolescentes. Ideal para Escolas, Creches, Brinquedotecas, Clinicas de Fisioterapia,&#8230;<\/p>\n","protected":false},"author":1,"featured_media":0,"parent":0,"menu_order":0,"comment_status":"open","ping_status":"closed","template":"","meta":{"jetpack_post_was_ever_published":false,"footnotes":""},"class_list":["post-226","page","type-page","status-publish","hentry"],"yoast_head":"<!-- This site is optimized with the Yoast SEO plugin v21.1 - https:\/\/yoast.com\/wordpress\/plugins\/seo\/ -->\n<title>Lan\u00e7amentos -<\/title>\n<meta name=\"robots\" content=\"index, follow, max-snippet:-1, max-image-preview:large, max-video-preview:-1\" \/>\n<link rel=\"canonical\" href=\"https:\/\/ricafonte.com.br\/index.php\/lancamentos\/\" \/>\n<meta property=\"og:locale\" content=\"pt_BR\" \/>\n<meta property=\"og:type\" content=\"article\" \/>\n<meta property=\"og:title\" content=\"Lan\u00e7amentos -\" \/>\n<meta property=\"og:description\" content=\"A Ricafonte Web Design comemora o lan\u00e7amento da Loja Virtual desenvolvida para o Ateli\u00ea Titico Arte. Trata-se de um projeto feito na plataforma Shopify onde esse e-commerce disponibiliza os produtos produzimos pela Titico Arte. S\u00e3o Brinquedos Sensoriais e Psicomotores que ajudam no desenvolvimento de Crian\u00e7as e Adolescentes. Ideal para Escolas, Creches, Brinquedotecas, Clinicas de Fisioterapia,...\" \/>\n<meta property=\"og:url\" content=\"https:\/\/ricafonte.com.br\/index.php\/lancamentos\/\" \/>\n<meta property=\"article:modified_time\" content=\"2023-09-13T01:23:12+00:00\" \/>\n<meta property=\"og:image\" content=\"https:\/\/ricafonte.com.br\/wp-content\/uploads\/2023\/09\/logos.png\" \/>\n<meta name=\"twitter:card\" content=\"summary_large_image\" \/>\n<meta name=\"twitter:label1\" content=\"Est. tempo de leitura\" \/>\n\t<meta name=\"twitter:data1\" content=\"1 minuto\" \/>\n<script type=\"application\/ld+json\" class=\"yoast-schema-graph\">{\"@context\":\"https:\/\/schema.org\",\"@graph\":[{\"@type\":\"WebPage\",\"@id\":\"https:\/\/ricafonte.com.br\/index.php\/lancamentos\/\",\"url\":\"https:\/\/ricafonte.com.br\/index.php\/lancamentos\/\",\"name\":\"Lan\u00e7amentos -\",\"isPartOf\":{\"@id\":\"https:\/\/ricafonte.com.br\/#website\"},\"datePublished\":\"2023-09-08T21:27:30+00:00\",\"dateModified\":\"2023-09-13T01:23:12+00:00\",\"breadcrumb\":{\"@id\":\"https:\/\/ricafonte.com.br\/index.php\/lancamentos\/#breadcrumb\"},\"inLanguage\":\"pt-BR\",\"potentialAction\":[{\"@type\":\"ReadAction\",\"target\":[\"https:\/\/ricafonte.com.br\/index.php\/lancamentos\/\"]}]},{\"@type\":\"BreadcrumbList\",\"@id\":\"https:\/\/ricafonte.com.br\/index.php\/lancamentos\/#breadcrumb\",\"itemListElement\":[{\"@type\":\"ListItem\",\"position\":1,\"name\":\"In\u00edcio\",\"item\":\"https:\/\/ricafonte.com.br\/\"},{\"@type\":\"ListItem\",\"position\":2,\"name\":\"Lan\u00e7amentos\"}]},{\"@type\":\"WebSite\",\"@id\":\"https:\/\/ricafonte.com.br\/#website\",\"url\":\"https:\/\/ricafonte.com.br\/\",\"name\":\"\",\"description\":\"Sites, Lojas Virtuais, Social Media e Marketplace\",\"potentialAction\":[{\"@type\":\"SearchAction\",\"target\":{\"@type\":\"EntryPoint\",\"urlTemplate\":\"https:\/\/ricafonte.com.br\/?s={search_term_string}\"},\"query-input\":\"required name=search_term_string\"}],\"inLanguage\":\"pt-BR\"}]}<\/script>\n<!-- \/ Yoast SEO plugin. -->","yoast_head_json":{"title":"Lan\u00e7amentos -","robots":{"index":"index","follow":"follow","max-snippet":"max-snippet:-1","max-image-preview":"max-image-preview:large","max-video-preview":"max-video-preview:-1"},"canonical":"https:\/\/ricafonte.com.br\/index.php\/lancamentos\/","og_locale":"pt_BR","og_type":"article","og_title":"Lan\u00e7amentos -","og_description":"A Ricafonte Web Design comemora o lan\u00e7amento da Loja Virtual desenvolvida para o Ateli\u00ea Titico Arte. Trata-se de um projeto feito na plataforma Shopify onde esse e-commerce disponibiliza os produtos produzimos pela Titico Arte. S\u00e3o Brinquedos Sensoriais e Psicomotores que ajudam no desenvolvimento de Crian\u00e7as e Adolescentes. Ideal para Escolas, Creches, Brinquedotecas, Clinicas de Fisioterapia,...","og_url":"https:\/\/ricafonte.com.br\/index.php\/lancamentos\/","article_modified_time":"2023-09-13T01:23:12+00:00","og_image":[{"url":"https:\/\/ricafonte.com.br\/wp-content\/uploads\/2023\/09\/logos.png"}],"twitter_card":"summary_large_image","twitter_misc":{"Est. tempo de leitura":"1 minuto"},"schema":{"@context":"https:\/\/schema.org","@graph":[{"@type":"WebPage","@id":"https:\/\/ricafonte.com.br\/index.php\/lancamentos\/","url":"https:\/\/ricafonte.com.br\/index.php\/lancamentos\/","name":"Lan\u00e7amentos -","isPartOf":{"@id":"https:\/\/ricafonte.com.br\/#website"},"datePublished":"2023-09-08T21:27:30+00:00","dateModified":"2023-09-13T01:23:12+00:00","breadcrumb":{"@id":"https:\/\/ricafonte.com.br\/index.php\/lancamentos\/#breadcrumb"},"inLanguage":"pt-BR","potentialAction":[{"@type":"ReadAction","target":["https:\/\/ricafonte.com.br\/index.php\/lancamentos\/"]}]},{"@type":"BreadcrumbList","@id":"https:\/\/ricafonte.com.br\/index.php\/lancamentos\/#breadcrumb","itemListElement":[{"@type":"ListItem","position":1,"name":"In\u00edcio","item":"https:\/\/ricafonte.com.br\/"},{"@type":"ListItem","position":2,"name":"Lan\u00e7amentos"}]},{"@type":"WebSite","@id":"https:\/\/ricafonte.com.br\/#website","url":"https:\/\/ricafonte.com.br\/","name":"","description":"Sites, Lojas Virtuais, Social Media e Marketplace","potentialAction":[{"@type":"SearchAction","target":{"@type":"EntryPoint","urlTemplate":"https:\/\/ricafonte.com.br\/?s={search_term_string}"},"query-input":"required name=search_term_string"}],"inLanguage":"pt-BR"}]}},"_links":{"self":[{"href":"https:\/\/ricafonte.com.br\/index.php\/wp-json\/wp\/v2\/pages\/226","targetHints":{"allow":["GET"]}}],"collection":[{"href":"https:\/\/ricafonte.com.br\/index.php\/wp-json\/wp\/v2\/pages"}],"about":[{"href":"https:\/\/ricafonte.com.br\/index.php\/wp-json\/wp\/v2\/types\/page"}],"author":[{"embeddable":true,"href":"https:\/\/ricafonte.com.br\/index.php\/wp-json\/wp\/v2\/users\/1"}],"replies":[{"embeddable":true,"href":"https:\/\/ricafonte.com.br\/index.php\/wp-json\/wp\/v2\/comments?post=226"}],"version-history":[{"count":8,"href":"https:\/\/ricafonte.com.br\/index.php\/wp-json\/wp\/v2\/pages\/226\/revisions"}],"predecessor-version":[{"id":278,"href":"https:\/\/ricafonte.com.br\/index.php\/wp-json\/wp\/v2\/pages\/226\/revisions\/278"}],"wp:attachment":[{"href":"https:\/\/ricafonte.com.br\/index.php\/wp-json\/wp\/v2\/media?parent=226"}],"curies":[{"name":"wp","href":"https:\/\/api.w.org\/{rel}","templated":true}]}}