{"id":170,"date":"2023-09-03T21:41:10","date_gmt":"2023-09-04T00:41:10","guid":{"rendered":"https:\/\/ricafonte.com.br\/?page_id=170"},"modified":"2023-09-12T13:50:27","modified_gmt":"2023-09-12T16:50:27","slug":"sobre","status":"publish","type":"page","link":"https:\/\/ricafonte.com.br\/index.php\/sobre\/","title":{"rendered":"Sobre"},"content":{"rendered":"\t\t<div data-elementor-type=\"wp-page\" data-elementor-id=\"170\" class=\"elementor elementor-170\" data-elementor-post-type=\"page\">\n\t\t\t\t\t\t\t\t\t<section class=\"elementor-section elementor-top-section elementor-element elementor-element-cb57caf elementor-section-boxed elementor-section-height-default elementor-section-height-default\" data-id=\"cb57caf\" data-element_type=\"section\">\n\t\t\t\t\t\t<div class=\"elementor-container elementor-column-gap-default\">\n\t\t\t\t\t<div class=\"elementor-column elementor-col-50 elementor-top-column elementor-element elementor-element-e5e33ae\" data-id=\"e5e33ae\" data-element_type=\"column\">\n\t\t\t<div class=\"elementor-widget-wrap elementor-element-populated\">\n\t\t\t\t\t\t\t\t<div class=\"elementor-element elementor-element-3d3b704 elementor-widget elementor-widget-image\" data-id=\"3d3b704\" data-element_type=\"widget\" data-widget_type=\"image.default\">\n\t\t\t\t<div class=\"elementor-widget-container\">\n\t\t\t<style>\/*! elementor - v3.16.0 - 14-09-2023 *\/\n.elementor-widget-image{text-align:center}.elementor-widget-image a{display:inline-block}.elementor-widget-image a img[src$=\".svg\"]{width:48px}.elementor-widget-image img{vertical-align:middle;display:inline-block}<\/style>\t\t\t\t\t\t\t\t\t\t\t\t<img loading=\"lazy\" decoding=\"async\" width=\"150\" height=\"150\" src=\"https:\/\/ricafonte.com.br\/wp-content\/uploads\/2023\/09\/selo-profissional-ecommerce-certificado-2015-150x150.png\" class=\"attachment-thumbnail size-thumbnail wp-image-217\" alt=\"\" srcset=\"https:\/\/ricafonte.com.br\/wp-content\/uploads\/2023\/09\/selo-profissional-ecommerce-certificado-2015-150x150.png 150w, https:\/\/ricafonte.com.br\/wp-content\/uploads\/2023\/09\/selo-profissional-ecommerce-certificado-2015.png 174w\" sizes=\"auto, (max-width: 150px) 100vw, 150px\" \/>\t\t\t\t\t\t\t\t\t\t\t\t\t\t\t<\/div>\n\t\t\t\t<\/div>\n\t\t\t\t\t<\/div>\n\t\t<\/div>\n\t\t\t\t<div class=\"elementor-column elementor-col-50 elementor-top-column elementor-element elementor-element-a6f07a9\" data-id=\"a6f07a9\" data-element_type=\"column\">\n\t\t\t<div class=\"elementor-widget-wrap elementor-element-populated\">\n\t\t\t\t\t\t\t\t<div class=\"elementor-element elementor-element-dfe9135 elementor-widget elementor-widget-heading\" data-id=\"dfe9135\" data-element_type=\"widget\" data-widget_type=\"heading.default\">\n\t\t\t\t<div class=\"elementor-widget-container\">\n\t\t\t<style>\/*! elementor - v3.16.0 - 14-09-2023 *\/\n.elementor-heading-title{padding:0;margin:0;line-height:1}.elementor-widget-heading .elementor-heading-title[class*=elementor-size-]>a{color:inherit;font-size:inherit;line-height:inherit}.elementor-widget-heading .elementor-heading-title.elementor-size-small{font-size:15px}.elementor-widget-heading .elementor-heading-title.elementor-size-medium{font-size:19px}.elementor-widget-heading .elementor-heading-title.elementor-size-large{font-size:29px}.elementor-widget-heading .elementor-heading-title.elementor-size-xl{font-size:39px}.elementor-widget-heading .elementor-heading-title.elementor-size-xxl{font-size:59px}<\/style><h4 class=\"elementor-heading-title elementor-size-small\"><p>A Ricafonte Web Design t\u00eam profissionais altamente qualificados e de grande refer\u00eancia no\nsegmento da Tecnologia da Informa\u00e7\u00e3o (TI), capaz de fazer sua Empresa\nconquistar cada vez mais visibilidade e clientes.<o:p><\/o:p><\/p><p>Oferecemos plataformas para Lojas Virtuais, Sites Pessoais\/Institucionais, Social Media e\nMarketplace.<o:p><\/o:p><\/p><p>Saia do anonimato e do espa\u00e7o geogr\u00e1fico que est\u00e1 acostumado. \u201cSeja Visto para ser Lembrado\u201d.<o:p><\/o:p><\/p><p>Amplie sua mente, amplie seus neg\u00f3cios, mude suas ideias tal como o mundo tecnol\u00f3gico est\u00e1 sempre\nmudando.<span style=\"font-family: var( --e-global-typography-primary-font-family ), Sans-serif; font-weight: var( --e-global-typography-primary-font-weight ); background-color: var(--inner-container-bk);\"><\/span><\/p><\/h4>\t\t<\/div>\n\t\t\t\t<\/div>\n\t\t\t\t\t<\/div>\n\t\t<\/div>\n\t\t\t\t\t\t\t<\/div>\n\t\t<\/section>\n\t\t\t\t\t\t\t<\/div>\n\t\t","protected":false},"excerpt":{"rendered":"<p>A Ricafonte Web Design t\u00eam profissionais altamente qualificados e de grande refer\u00eancia no segmento da Tecnologia da Informa\u00e7\u00e3o (TI), capaz de fazer sua Empresa conquistar cada vez mais visibilidade e clientes. Oferecemos plataformas para Lojas Virtuais, Sites Pessoais\/Institucionais, Social Media e Marketplace. Saia do anonimato e do espa\u00e7o geogr\u00e1fico que est\u00e1 acostumado. \u201cSeja Visto para&#8230;<\/p>\n","protected":false},"author":1,"featured_media":0,"parent":0,"menu_order":0,"comment_status":"open","ping_status":"closed","template":"","meta":{"jetpack_post_was_ever_published":false,"footnotes":""},"class_list":["post-170","page","type-page","status-publish","hentry"],"yoast_head":"<!-- This site is optimized with the Yoast SEO plugin v21.1 - https:\/\/yoast.com\/wordpress\/plugins\/seo\/ -->\n<title>Sobre -<\/title>\n<meta name=\"robots\" content=\"index, follow, max-snippet:-1, max-image-preview:large, max-video-preview:-1\" \/>\n<link rel=\"canonical\" href=\"https:\/\/ricafonte.com.br\/index.php\/sobre\/\" \/>\n<meta property=\"og:locale\" content=\"pt_BR\" \/>\n<meta property=\"og:type\" content=\"article\" \/>\n<meta property=\"og:title\" content=\"Sobre -\" \/>\n<meta property=\"og:description\" content=\"A Ricafonte Web Design t\u00eam profissionais altamente qualificados e de grande refer\u00eancia no segmento da Tecnologia da Informa\u00e7\u00e3o (TI), capaz de fazer sua Empresa conquistar cada vez mais visibilidade e clientes. Oferecemos plataformas para Lojas Virtuais, Sites Pessoais\/Institucionais, Social Media e Marketplace. Saia do anonimato e do espa\u00e7o geogr\u00e1fico que est\u00e1 acostumado. \u201cSeja Visto para...\" \/>\n<meta property=\"og:url\" content=\"https:\/\/ricafonte.com.br\/index.php\/sobre\/\" \/>\n<meta property=\"article:modified_time\" content=\"2023-09-12T16:50:27+00:00\" \/>\n<meta property=\"og:image\" content=\"https:\/\/ricafonte.com.br\/wp-content\/uploads\/2023\/09\/selo-profissional-ecommerce-certificado-2015-150x150.png\" \/>\n<meta name=\"twitter:card\" content=\"summary_large_image\" \/>\n<meta name=\"twitter:label1\" content=\"Est. tempo de leitura\" \/>\n\t<meta name=\"twitter:data1\" content=\"1 minuto\" \/>\n<script type=\"application\/ld+json\" class=\"yoast-schema-graph\">{\"@context\":\"https:\/\/schema.org\",\"@graph\":[{\"@type\":\"WebPage\",\"@id\":\"https:\/\/ricafonte.com.br\/index.php\/sobre\/\",\"url\":\"https:\/\/ricafonte.com.br\/index.php\/sobre\/\",\"name\":\"Sobre -\",\"isPartOf\":{\"@id\":\"https:\/\/ricafonte.com.br\/#website\"},\"datePublished\":\"2023-09-04T00:41:10+00:00\",\"dateModified\":\"2023-09-12T16:50:27+00:00\",\"breadcrumb\":{\"@id\":\"https:\/\/ricafonte.com.br\/index.php\/sobre\/#breadcrumb\"},\"inLanguage\":\"pt-BR\",\"potentialAction\":[{\"@type\":\"ReadAction\",\"target\":[\"https:\/\/ricafonte.com.br\/index.php\/sobre\/\"]}]},{\"@type\":\"BreadcrumbList\",\"@id\":\"https:\/\/ricafonte.com.br\/index.php\/sobre\/#breadcrumb\",\"itemListElement\":[{\"@type\":\"ListItem\",\"position\":1,\"name\":\"In\u00edcio\",\"item\":\"https:\/\/ricafonte.com.br\/\"},{\"@type\":\"ListItem\",\"position\":2,\"name\":\"Sobre\"}]},{\"@type\":\"WebSite\",\"@id\":\"https:\/\/ricafonte.com.br\/#website\",\"url\":\"https:\/\/ricafonte.com.br\/\",\"name\":\"\",\"description\":\"Sites, Lojas Virtuais, Social Media e Marketplace\",\"potentialAction\":[{\"@type\":\"SearchAction\",\"target\":{\"@type\":\"EntryPoint\",\"urlTemplate\":\"https:\/\/ricafonte.com.br\/?s={search_term_string}\"},\"query-input\":\"required name=search_term_string\"}],\"inLanguage\":\"pt-BR\"}]}<\/script>\n<!-- \/ Yoast SEO plugin. -->","yoast_head_json":{"title":"Sobre -","robots":{"index":"index","follow":"follow","max-snippet":"max-snippet:-1","max-image-preview":"max-image-preview:large","max-video-preview":"max-video-preview:-1"},"canonical":"https:\/\/ricafonte.com.br\/index.php\/sobre\/","og_locale":"pt_BR","og_type":"article","og_title":"Sobre -","og_description":"A Ricafonte Web Design t\u00eam profissionais altamente qualificados e de grande refer\u00eancia no segmento da Tecnologia da Informa\u00e7\u00e3o (TI), capaz de fazer sua Empresa conquistar cada vez mais visibilidade e clientes. Oferecemos plataformas para Lojas Virtuais, Sites Pessoais\/Institucionais, Social Media e Marketplace. Saia do anonimato e do espa\u00e7o geogr\u00e1fico que est\u00e1 acostumado. \u201cSeja Visto para...","og_url":"https:\/\/ricafonte.com.br\/index.php\/sobre\/","article_modified_time":"2023-09-12T16:50:27+00:00","og_image":[{"url":"https:\/\/ricafonte.com.br\/wp-content\/uploads\/2023\/09\/selo-profissional-ecommerce-certificado-2015-150x150.png"}],"twitter_card":"summary_large_image","twitter_misc":{"Est. tempo de leitura":"1 minuto"},"schema":{"@context":"https:\/\/schema.org","@graph":[{"@type":"WebPage","@id":"https:\/\/ricafonte.com.br\/index.php\/sobre\/","url":"https:\/\/ricafonte.com.br\/index.php\/sobre\/","name":"Sobre -","isPartOf":{"@id":"https:\/\/ricafonte.com.br\/#website"},"datePublished":"2023-09-04T00:41:10+00:00","dateModified":"2023-09-12T16:50:27+00:00","breadcrumb":{"@id":"https:\/\/ricafonte.com.br\/index.php\/sobre\/#breadcrumb"},"inLanguage":"pt-BR","potentialAction":[{"@type":"ReadAction","target":["https:\/\/ricafonte.com.br\/index.php\/sobre\/"]}]},{"@type":"BreadcrumbList","@id":"https:\/\/ricafonte.com.br\/index.php\/sobre\/#breadcrumb","itemListElement":[{"@type":"ListItem","position":1,"name":"In\u00edcio","item":"https:\/\/ricafonte.com.br\/"},{"@type":"ListItem","position":2,"name":"Sobre"}]},{"@type":"WebSite","@id":"https:\/\/ricafonte.com.br\/#website","url":"https:\/\/ricafonte.com.br\/","name":"","description":"Sites, Lojas Virtuais, Social Media e Marketplace","potentialAction":[{"@type":"SearchAction","target":{"@type":"EntryPoint","urlTemplate":"https:\/\/ricafonte.com.br\/?s={search_term_string}"},"query-input":"required name=search_term_string"}],"inLanguage":"pt-BR"}]}},"_links":{"self":[{"href":"https:\/\/ricafonte.com.br\/index.php\/wp-json\/wp\/v2\/pages\/170","targetHints":{"allow":["GET"]}}],"collection":[{"href":"https:\/\/ricafonte.com.br\/index.php\/wp-json\/wp\/v2\/pages"}],"about":[{"href":"https:\/\/ricafonte.com.br\/index.php\/wp-json\/wp\/v2\/types\/page"}],"author":[{"embeddable":true,"href":"https:\/\/ricafonte.com.br\/index.php\/wp-json\/wp\/v2\/users\/1"}],"replies":[{"embeddable":true,"href":"https:\/\/ricafonte.com.br\/index.php\/wp-json\/wp\/v2\/comments?post=170"}],"version-history":[{"count":10,"href":"https:\/\/ricafonte.com.br\/index.php\/wp-json\/wp\/v2\/pages\/170\/revisions"}],"predecessor-version":[{"id":270,"href":"https:\/\/ricafonte.com.br\/index.php\/wp-json\/wp\/v2\/pages\/170\/revisions\/270"}],"wp:attachment":[{"href":"https:\/\/ricafonte.com.br\/index.php\/wp-json\/wp\/v2\/media?parent=170"}],"curies":[{"name":"wp","href":"https:\/\/api.w.org\/{rel}","templated":true}]}}